{"id":5435,"date":"2022-06-13T14:08:07","date_gmt":"2022-06-13T14:08:07","guid":{"rendered":"https:\/\/www.mobilitas.org\/?page_id=5435"},"modified":"2022-06-13T14:08:07","modified_gmt":"2022-06-13T14:08:07","slug":"mentions-legales","status":"publish","type":"page","link":"https:\/\/www.mobilitas.org\/fr\/mentions-legales\/","title":{"rendered":"MENTIONS L\u00c9GALES"},"content":{"rendered":"<div style=\"width: 85%; margin: auto; padding-top: 150px; padding-bottom: 100px;\">\n<h1 class=\"light-bg\">MENTIONS L\u00c9GALES<\/h1>\n<p>&nbsp;<\/p>\n<h3><\/h3>\n<h3>\u00c9dition\/publication du site<\/h3>\n<p>MOBILITAS S.A.<br \/>\nADRESSE DU SIEGE : MOBILITAS \u2013 14 rue Denis Papin 95250 BEAUCHAMP<br \/>\nEMAIL : <a href=\"mailto:info@mobilitas.com\" target=\"_blank\" rel=\"noopener\">info@mobilitas.com<\/a><br \/>\nTEL. : +33 (0)1 40 85 90 00<br \/>\nSIREN : 950026104<br \/>\nCAPITAL : 5 775 000\u20ac<br \/>\nNUMERO DE TVA INTRA : FR74950026104<br \/>\nDIRECTEUR DE LA PUBLICATION : Christophe MORDELET<\/p>\n<h3><\/h3>\n<h3>Conception \/ R\u00e9alisation \/ Maintenance du site<\/h3>\n<p>Overseas Administration Management +27 (0)21 818 3200 65 Bofors Circle, Epping Industria, Cape Town, South Africa<\/p>\n<h3><\/h3>\n<h3>H\u00e9bergement du site<\/h3>\n<p>OVH &#8211; <a href=\"https:\/\/www.ovh.com\/fr\/\" target=\"_blank\" rel=\"noopener\">https:\/\/www.ovh.com\/fr\/<\/a><\/p>\n<h3><\/h3>\n<h3>Conditions d&rsquo;utilisation du site<\/h3>\n<p>MOBILITAS GROUP fournit ses services sous r\u00e9serve que vous vous engagiez \u00e0 respecter les pr\u00e9sentes conditions d&rsquo;utilisation que MOBILITAS GROUP sera libre de modifier \u00e0 tout moment.<\/p>\n<h5>Propri\u00e9t\u00e9 intellectuelle<\/h5>\n<p>En accord avec les lois r\u00e9gissant la propri\u00e9t\u00e9 intellectuelle, la reproduction ou l&rsquo;utilisation des \u00e9l\u00e9ments se trouvant dans ce site Internet, en totalit\u00e9 ou en partie est strictement interdite. Seules sont maintenues les exceptions l\u00e9gales dont notamment la repr\u00e9sentation dans le cadre du cercle de famille, la copie priv\u00e9e ou le droit de courte citation.<br \/>\nAinsi, tous les textes, photos, logos, marques et autres \u00e9l\u00e9ments reproduits sur ce site sont r\u00e9serv\u00e9s et prot\u00e9g\u00e9s par le droit de la propri\u00e9t\u00e9 intellectuelle. (Droit auteur, droit voisin, droit des marques\u2026).<br \/>\nToute repr\u00e9sentation totale ou partielle de ce site par quelque proc\u00e9d\u00e9 que ce soit, sans l&rsquo;autorisation expresse de l&rsquo;exploitant du site Internet est interdite et constituerait une contrefa\u00e7on sanctionn\u00e9e par les articles L 335-2 et suivants du Code de la propri\u00e9t\u00e9 intellectuelle.<br \/>\nIl en est de m\u00eame des \u00e9ventuelles bases de donn\u00e9es figurant sur le site Internet qui sont prot\u00e9g\u00e9es par les dispositions de la loi du 11 juillet 1998 portant transposition dans le Code de la propri\u00e9t\u00e9 intellectuelle (CPI) de la directive europ\u00e9enne du 11 mars 1996 relative \u00e0 la protection juridique des bases de donn\u00e9es.<\/p>\n<h3><\/h3>\n<h3>Respect de la vie priv\u00e9e et des donn\u00e9es personnelles<\/h3>\n<p>Les donn\u00e9es sont collect\u00e9es dans le but exclusif d&rsquo;\u00e9tablir une relation commerciale et professionnelle avec les clients. Les donn\u00e9es \u00e0 caract\u00e8re personnel sont conserv\u00e9es par MOBILITAS GROUP pendant une p\u00e9riode raisonnable. Si la personne ne fournit pas toutes les informations demand\u00e9es de mani\u00e8re obligatoire dans les formulaires du site (*Champs obligatoires), il ne peut valider le formulaire et ne peut donc pas rentrer en contact avec MOBILITAS GROUP. Le droit d&rsquo;acc\u00e8s et de rectification pr\u00e9vu \u00e0 l&rsquo;article 34 et suivants de la loi pr\u00e9cit\u00e9e s&rsquo;exerce par courrier \u00e0 l&rsquo;adresse : 14 rue Denis Papin 95250 BEAUCHAMP. Les donn\u00e9es r\u00e9colt\u00e9es sont destin\u00e9es aux services commerciaux de MOBILITAS GROUP et de ses partenaires \u00e9tablis dans et\/ou en dehors de l&rsquo;Union europ\u00e9enne.<br \/>\nT\u00e9l\u00e9phone\/mail : vous pouvez vous inscrire sur la liste d\u2019opposition au d\u00e9marchage t\u00e9l\u00e9phonique <a href=\"http:\/\/www.bloctel.gouv.fr\/\" target=\"_blank\" rel=\"noopener\">www.bloctel.gouv.fr<\/a><br \/>\nLes informations personnelles collect\u00e9es par l\u2019entreprise via le devis (nom, pr\u00e9nom, date de naissance, adresse, t\u00e9l\u00e9phone, adresse \u00e9lectronique, etc.) sont enregistr\u00e9es dans son fichier de clients et principalement utilis\u00e9es pour la bonne gestion des relations avec le client, le traitement des commandes et la pr\u00e9vention des impay\u00e9s. Le devis indique par un ast\u00e9risque la ou les informations dont la collecte est indispensable \u00e0 la bonne ex\u00e9cution de la commande.<\/p>\n<p>Les informations personnelles collect\u00e9es sont conserv\u00e9es pendant une dur\u00e9e qui ne saurait exc\u00e9der 10 ans, sauf si :<\/p>\n<ul>\n<li>Une dur\u00e9e de conservation plus longue est autoris\u00e9e ou impos\u00e9e par une disposition l\u00e9gale ou r\u00e9glementaire ;<br \/>\nLe client a exerc\u00e9, dans les conditions pr\u00e9vues ci-apr\u00e8s, l\u2019un des droits qui lui sont reconnus par la l\u00e9gislation.<br \/>\nLes informations personnelles collect\u00e9es seront conserv\u00e9es aussi longtemps que n\u00e9cessaire au traitement de la commande, sauf si :<\/li>\n<li>Une dur\u00e9e de conservation plus longue est autoris\u00e9e ou impos\u00e9e par une disposition l\u00e9gale ou r\u00e9glementaire ;<\/li>\n<li>Le client a exerc\u00e9, dans les conditions pr\u00e9vues ci-apr\u00e8s, l\u2019un des droits qui lui sont reconnus par la l\u00e9gislation.<\/li>\n<\/ul>\n<p>L&rsquo;acc\u00e8s aux donn\u00e9es personnelles est strictement limit\u00e9 aux employ\u00e9s et pr\u00e9pos\u00e9s de l\u2019entreprise, habilit\u00e9s \u00e0 les traiter en raison de leurs fonctions. Les informations recueillies pourront \u00e9ventuellement \u00eatre communiqu\u00e9es \u00e0 des tiers li\u00e9s \u00e0 l\u2019entreprise par contrat pour l&rsquo;ex\u00e9cution de t\u00e2ches sous-trait\u00e9es n\u00e9cessaires \u00e0 la gestion de la commande, sans qu\u2019une autorisation du client ne soit n\u00e9cessaire. Il est pr\u00e9cis\u00e9 que, dans le cadre de l\u2019ex\u00e9cution de leurs prestations, les tiers n\u2019ont qu\u2019un acc\u00e8s limit\u00e9 aux donn\u00e9es et ont une obligation contractuelle de les utiliser en conformit\u00e9 avec les dispositions de la l\u00e9gislation applicable en mati\u00e8re de protection des donn\u00e9es<br \/>\npersonnelles. En dehors des cas \u00e9nonc\u00e9s ci-dessus, l\u2019entreprise s&rsquo;engage \u00e0 ne pas vendre, louer, c\u00e9der ou donner acc\u00e8s \u00e0 des tiers aux donn\u00e9es sans consentement pr\u00e9alable du client, \u00e0 moins d\u2019y \u00eatre contraints en raison d\u2019un motif l\u00e9gitime (obligation l\u00e9gale, lutte contre la fraude ou l\u2019abus, exercice des droits de la d\u00e9fense, etc.).<\/p>\n<p>Conform\u00e9ment aux dispositions l\u00e9gales et r\u00e9glementaires applicables, en particulier la loi n\u00b0 78-17 du 6 janvier 1978 modifi\u00e9e relative \u00e0 l&rsquo;informatique, aux fichiers et aux libert\u00e9s et du r\u00e8glement europ\u00e9en n\u00b02016\/679\/UE du 27 avril 2016 (applicable d\u00e8s le 25 mai 2018), le client b\u00e9n\u00e9ficie d\u2019un droit d\u2019acc\u00e8s, de rectification, de portabilit\u00e9 et d\u2019effacement de ses donn\u00e9es ou encore de limitation du traitement. Il peut \u00e9galement, pour des motifs l\u00e9gitimes, s\u2019opposer au traitement des donn\u00e9es la concernant.<br \/>\nLe client peut, sous r\u00e9serve de la production d\u2019un justificatif d\u2019identit\u00e9 valide, exercer ses droits en contactant MOBILITAS GROUP par email : <a href=\"mailto:privacy@mobilitas.org\" target=\"_blank\" rel=\"noopener\">privacy@mobilitas.org<\/a> ou par courrier adress\u00e9 \u00e0 MOBILITAS GROUP, 14 rue Denis Papin 95250 Beauchamp.<br \/>\nDans le cas o\u00f9 le client ne souhaiterait pas\/plus recevoir des messages promotionnels et invitations via courriers \u00e9lectroniques, messages SMS, appels t\u00e9l\u00e9phoniques et courriers postaux, celui-ci a la possibilit\u00e9 d\u2019indiquer son choix lors en contactant l\u2019entreprise dans les conditions \u00e9voqu\u00e9es ci-avant ou en utilisant les liens de d\u00e9sinscription pr\u00e9vus dans les messages. Ce droit vaut \u00e9galement pour les personnes dont les donn\u00e9es (notamment leur identit\u00e9 et leurs coordonn\u00e9es) auraient \u00e9t\u00e9 transmises, avec leur autorisation, \u00e0 l\u2019entreprise par des tiers, \u00e0 des fins de prospection commerciale.<br \/>\nPour toute information compl\u00e9mentaire ou r\u00e9clamation, le client peut contacter la Commission Nationale de l\u2019Informatique et des Libert\u00e9s (plus d\u2019informations sur <a href=\"http:\/\/www.cnil.fr\/\" target=\"_blank\" rel=\"noopener\">www.cnil.fr<\/a>).\u00bb<\/p>\n<h3><\/h3>\n<h3>Avis relatif \u00e0 la s\u00e9curit\u00e9<\/h3>\n<p>Afin d&rsquo;assurer sa s\u00e9curit\u00e9 et de garantir son acc\u00e8s \u00e0 tous, ce site Internet emploie des logiciels pour contr\u00f4ler les flux sur le site, pour identifier les tentatives non autoris\u00e9es de connexion ou de changement de l&rsquo;information, ou toute autre initiative pouvant causer d&rsquo;autres dommages. Les tentatives non autoris\u00e9es de chargement d&rsquo;information, d&rsquo;alt\u00e9ration des informations, visant \u00e0 causer un dommage et d&rsquo;une mani\u00e8re g\u00e9n\u00e9rale toute atteinte \u00e0 la disponibilit\u00e9 et l&rsquo;int\u00e9grit\u00e9 de ce site sont strictement interdites et seront sanctionn\u00e9es par le code p\u00e9nal. Ainsi l&rsquo;article 323-1 du code p\u00e9nal pr\u00e9voit que le fait d&rsquo;acc\u00e9der ou de se maintenir frauduleusement, dans tout ou partie d&rsquo;un syst\u00e8me de traitement automatis\u00e9 de donn\u00e9es (c&rsquo;est le cas d&rsquo;un site Internet) est puni de deux ans d&#8217;emprisonnement et de 30 000 Euros d&rsquo;amende. L&rsquo;article 323-3 du m\u00eame code pr\u00e9voit que le fait d&rsquo;introduire frauduleusement des donn\u00e9es dans un syst\u00e8me de traitement automatis\u00e9 ou de supprimer ou de modifier frauduleusement les donn\u00e9es qu&rsquo;il contient est puni de cinq ans d&#8217;emprisonnement et de 75000 Euros d&rsquo;amende.<\/p>\n<h3><\/h3>\n<h3>Les cookies<\/h3>\n<p>Ce site utilise des cookies. Les cookies sont de petits fichiers texte contenant des informations permettant d&rsquo;identifier les visiteurs r\u00e9currents pour la dur\u00e9e de leur visite sur notre site. Les cookies sont enregistr\u00e9s sur le disque dur de votre ordinateur et n&rsquo;y causent aucun dommage. Ils nous permettent d&rsquo;augmenter la convivialit\u00e9 du site, d&rsquo;adapter pr\u00e9cis\u00e9ment les contenus \u00e0 vos besoins et donc d&rsquo;am\u00e9liorer notre service. Les cookies servent \u00e9galement \u00e0 v\u00e9rifier si votre ordinateur a d\u00e9j\u00e0 \u00e9t\u00e9 connect\u00e9 \u00e0 nos pages. Seul le cookie enregistr\u00e9 sur votre ordinateur est alors identifi\u00e9. Si vous avez donn\u00e9 votre accord, des donn\u00e9es personnelles seront enregistr\u00e9es sous la forme de cookies, par exemple pour faciliter l&rsquo;acc\u00e8s s\u00e9curis\u00e9 \u00e0 notre site en \u00e9vitant la saisie \u00e0 r\u00e9p\u00e9tition de votre identifiant et mot de passe.<br \/>\nLes cookies du site ne contiennent pas de donn\u00e9es permettant de vous identifier personnellement, et ils sont con\u00e7us pour \u00eatre utilis\u00e9s uniquement par MOBILITAS GROUP.<br \/>\nVous pouvez accepter ou refuser le d\u00e9p\u00f4t de cookies \u00e0 tout moment. Lors de votre premi\u00e8re connexion sur le site web de www.mobilitas.org, une banni\u00e8re pr\u00e9sentant bri\u00e8vement des informations relatives au d\u00e9p\u00f4t de cookies et de technologies similaires appara\u00eet en bas de votre \u00e9cran. Cette banni\u00e8re vous avertit qu\u2019en poursuivant votre navigation sur le site web de www.mobilitas.org (en chargeant une nouvelle page ou en cliquant sur divers \u00e9l\u00e9ments du site par exemple), vous acceptez le d\u00e9p\u00f4t de cookies sur votre terminal. Vous pouvez d\u00e9sactiver les cookies directement en cliquant sur ce lien : <a href=\"https:\/\/www.mobilitas.org\/\" target=\"_blank\" rel=\"noopener\">D\u00e9sactiver les cookies<\/a><\/p>\n<h3><\/h3>\n<h3>Responsabilit\u00e9<\/h3>\n<p>MOBILITAS GROUP d\u00e9cline toute responsabilit\u00e9 pour les difficult\u00e9s rencontr\u00e9es lors de l&rsquo;acc\u00e8s \u00e0 son site ou pour toute d\u00e9faillance de communication. MOBILITAS GROUP se r\u00e9serve la possibilit\u00e9 de modifier, d&rsquo;interrompre temporairement ou de fa\u00e7on permanente, toute ou une partie du site, sans pr\u00e9avis. MOBILITAS GROUP ne pourra en aucun cas \u00eatre tenu pour responsable \u00e0 votre encontre ou \u00e0 l\u2019encontre d\u2019un tiers de toute modification, interruption ou suspension du site.<\/p>\n<h3><\/h3>\n<h3>Liens vers d\u2019autres sites<\/h3>\n<p>MOBILITAS GROUP propose sur son site www.mobilitas.org des liens vers des sites tiers. MOBILITAS GROUP ne pourra \u00eatre tenu responsable du contenu de ces sites et de l&rsquo;usage qui pourra en \u00eatre fait par les utilisateurs.<\/p>\n<\/div>\n","protected":false},"excerpt":{"rendered":"<p>MENTIONS L\u00c9GALES &nbsp; \u00c9dition\/publication du site MOBILITAS S.A. ADRESSE DU SIEGE : MOBILITAS \u2013 14 rue Denis Papin 95250 BEAUCHAMP EMAIL : info@mobilitas.com TEL. : +33 (0)1 40 85 90 00 SIREN : 950026104 CAPITAL : 5 775 000\u20ac NUMERO DE TVA INTRA : FR74950026104 DIRECTEUR DE LA PUBLICATION : Christophe MORDELET Conception \/ R\u00e9alisation &hellip; <a href=\"https:\/\/www.mobilitas.org\/fr\/mentions-legales\/\">Continuer<\/a><\/p>\n","protected":false},"author":1,"featured_media":0,"parent":0,"menu_order":0,"comment_status":"closed","ping_status":"closed","template":"","meta":{"footnotes":""},"acf":[],"_links":{"self":[{"href":"https:\/\/www.mobilitas.org\/fr\/wp-json\/wp\/v2\/pages\/5435"}],"collection":[{"href":"https:\/\/www.mobilitas.org\/fr\/wp-json\/wp\/v2\/pages"}],"about":[{"href":"https:\/\/www.mobilitas.org\/fr\/wp-json\/wp\/v2\/types\/page"}],"author":[{"embeddable":true,"href":"https:\/\/www.mobilitas.org\/fr\/wp-json\/wp\/v2\/users\/1"}],"replies":[{"embeddable":true,"href":"https:\/\/www.mobilitas.org\/fr\/wp-json\/wp\/v2\/comments?post=5435"}],"version-history":[{"count":4,"href":"https:\/\/www.mobilitas.org\/fr\/wp-json\/wp\/v2\/pages\/5435\/revisions"}],"predecessor-version":[{"id":5439,"href":"https:\/\/www.mobilitas.org\/fr\/wp-json\/wp\/v2\/pages\/5435\/revisions\/5439"}],"wp:attachment":[{"href":"https:\/\/www.mobilitas.org\/fr\/wp-json\/wp\/v2\/media?parent=5435"}],"curies":[{"name":"wp","href":"https:\/\/api.w.org\/{rel}","templated":true}]}}